{"id":1617,"date":"2026-02-25T13:53:44","date_gmt":"2026-02-25T12:53:44","guid":{"rendered":"https:\/\/countryhigh-academy.com\/?page_id=1617"},"modified":"2026-04-27T10:25:19","modified_gmt":"2026-04-27T08:25:19","slug":"privacy","status":"publish","type":"page","link":"https:\/\/countryhigh-academy.com\/en\/privacy\/","title":{"rendered":"Privacy Notice"},"content":{"rendered":"<div data-elementor-type=\"wp-page\" data-elementor-id=\"1617\" class=\"elementor elementor-1617\" data-elementor-post-type=\"page\">\n\t\t\t\t<div class=\"elementor-element elementor-element-a4c7a63 e-con-full e-flex e-con e-child\" data-id=\"a4c7a63\" data-element_type=\"container\" data-e-type=\"container\" data-settings=\"{&quot;background_background&quot;:&quot;classic&quot;}\">\n\t\t\t\t<\/div>\n\t\t<div class=\"elementor-element elementor-element-d844f10 e-flex e-con-boxed e-con e-parent\" data-id=\"d844f10\" data-element_type=\"container\" data-e-type=\"container\">\n\t\t\t\t\t<div class=\"e-con-inner\">\n\t\t\t\t<div class=\"elementor-element elementor-element-4124ce3 elementor-widget elementor-widget-heading\" data-id=\"4124ce3\" data-element_type=\"widget\" data-e-type=\"widget\" data-widget_type=\"heading.default\">\n\t\t\t\t\t<h1 class=\"elementor-heading-title elementor-size-default\">Privacy Notice<\/h1>\t\t\t\t<\/div>\n\t\t\t\t<div class=\"elementor-element elementor-element-8e062d4 elementor-widget__width-initial elementor-widget-mobile__width-initial elementor-widget elementor-widget-text-editor\" data-id=\"8e062d4\" data-element_type=\"widget\" data-e-type=\"widget\" data-widget_type=\"text-editor.default\">\n\t\t\t\t\t\t\t\t\t<p>Controller<\/p><p class=\"cvGsUA direction-ltr align-start para-style-body\"><span class=\"a_GcMg font-feature-liga-off font-feature-clig-off font-feature-calt-off text-decoration-none text-strikethrough-none\"><strong><span style=\"color: #c0a888;\">COUNTRY HIGH<\/span><\/strong><br \/><\/span>Owner: Kim Ryter<br \/><span class=\"a_GcMg font-feature-liga-off font-feature-clig-off font-feature-calt-off text-decoration-none text-strikethrough-none\">R\u00fcschigenstrasse 50<br \/><\/span><span class=\"a_GcMg font-feature-liga-off font-feature-clig-off font-feature-calt-off text-decoration-none text-strikethrough-none\">CH-3713 Reichenbach im Kandertal.<br \/><\/span><span class=\"a_GcMg font-feature-liga-off font-feature-clig-off font-feature-calt-off text-decoration-none text-strikethrough-none\">Email: hello@countryhigh-academy.com<br \/><br \/><br \/><\/span><span style=\"color: #c0a888;\"><strong>GENERAL<\/strong><\/span><br \/>We process personal data confidentially and in accordance with the applicable data protection laws of Switzerland and, where applicable, the GDPR. This includes, in particular, personal data that you provide to us directly, for example when you contact us, subscribe to our newsletter, or use parts of our website, as well as technical usage data collected when you visit the website.<\/p><p><strong><span style=\"color: #c0a888;\"><br \/>PURPOSE OF PROCESSING<\/span><\/strong><br \/>We process personal data specifically for the following purposes:<\/p><p>\u2013 to provide and operate the website<br \/>\u2013 to respond to inquiries and emails<br \/>\u2013 to send newsletters and updates<br \/>to analyze website usage<br \/>\u2013 to improve our services and user experience<br \/>\u2013 to support marketing and communication activities<br \/><br \/><strong><span style=\"color: #c0a888;\">LEGAL BASIS<\/span><\/strong><br \/>Where required, personal data is processed based on your consent, for the initiation or performance of a contract, or based on legitimate interests.<br \/><br \/><strong><span style=\"color: #c0a888;\">TOOLS AND THIRD-PARTY SERVICES<\/span><\/strong><br \/>This website is built on WordPress and hosted by METANET.<\/p><p class=\"p1\">We use the following tools and services:<\/p><p>\u2013 Mailchimp for newsletters and email communication<br \/>Google Analytics for statistical analysis<br \/>Meta Pixel for marketing purposes<br \/>\u2013 a cookie banner to manage your choices<br \/>- LearnDash as a plugin for course-related functions<\/p><p>These services may collect, process, or store personal data in accordance with their own privacy practices.<br \/><br \/><strong><span style=\"color: #c0a888;\">INTERNATIONAL DATA TRANSFER<\/span><\/strong><br \/>The use of Mailchimp, Google Analytics, and Meta may result in data transfers abroad, particularly to the United States. Where applicable, such transfers are based on appropriate safeguards, including the EU-U.S. Data Privacy Framework and Standard Contractual Clauses.<br \/><br \/><strong><span style=\"color: #c0a888;\">YOUR RIGHTS<\/span><\/strong><br \/>You have the right to request information about your personal data, to request rectification or deletion, to restrict processing, and to object to certain types of processing where permitted by law.<\/p><p>If you have any questions or requests regarding your personal data, please contact us at: hello@countryhigh-academy.com<br \/><br \/><strong><span style=\"color: #c0a888;\">CHANGES<\/span><\/strong><br \/>We reserve the right to update this Privacy Policy at any time. The current version will always be published on this page.<\/p><p><span class=\"a_GcMg font-feature-liga-off font-feature-clig-off font-feature-calt-off text-decoration-none text-strikethrough-none\"><strong><span style=\"color: #c0a888;\">\u00a0<\/span><\/strong><\/span><\/p>\t\t\t\t\t\t\t\t<\/div>\n\t\t\t\t\t<\/div>\n\t\t\t\t<\/div>\n\t\t<div class=\"elementor-element elementor-element-c3aab8e e-flex e-con-boxed e-con e-parent\" data-id=\"c3aab8e\" data-element_type=\"container\" data-e-type=\"container\">\n\t\t\t\t\t<div class=\"e-con-inner\">\n\t\t\t\t<div class=\"elementor-element elementor-element-be6a262 elementor-widget elementor-widget-spacer\" data-id=\"be6a262\" data-element_type=\"widget\" data-e-type=\"widget\" data-widget_type=\"spacer.default\">\n\t\t\t\t\t\t\t<div class=\"elementor-spacer\">\n\t\t\t<div class=\"elementor-spacer-inner\"><\/div>\n\t\t<\/div>\n\t\t\t\t\t\t<\/div>\n\t\t\t\t\t<\/div>\n\t\t\t\t<\/div>\n\t\t\t\t<\/div>","protected":false},"excerpt":{"rendered":"<p>Privacy Notice Controller COUNTRY HIGHOwner: Kim RyterR\u00fcschigenstrasse 50CH-3713 Reichenbach i.K.eMail: hello@countryhigh-academy.com GENERALWe process personal data confidentially and in accordance with the applicable data protection laws of Switzerland and, where applicable, the GDPR. This includes, in particular, personal data that you provide to us directly, for example when you contact us, subscribe to our newsletter or&#8230;<\/p>","protected":false},"author":236090381,"featured_media":0,"parent":0,"menu_order":0,"comment_status":"closed","ping_status":"closed","template":"","meta":{"_crdt_document":"","advanced_seo_description":"","jetpack_seo_html_title":"","jetpack_seo_noindex":false,"_kadence_starter_templates_imported_post":false,"_kad_post_transparent":"","_kad_post_title":"hide","_kad_post_layout":"fullwidth","_kad_post_sidebar_id":"","_kad_post_content_style":"unboxed","_kad_post_vertical_padding":"hide","_kad_post_feature":"hide","_kad_post_feature_position":"","_kad_post_header":false,"_kad_post_footer":false,"_kad_post_classname":"","footnotes":"","big_sky_generated":false},"class_list":["post-1617","page","type-page","status-publish","hentry"],"jetpack_likes_enabled":true,"jetpack_sharing_enabled":true,"jetpack_shortlink":"https:\/\/wp.me\/Ph3ZWq-q5","jetpack-related-posts":[{"id":1615,"url":"https:\/\/countryhigh-academy.com\/en\/terms\/","url_meta":{"origin":1617,"position":0},"title":"Terms of Use","author":"countryhigh","date":"February 25, 2026","format":false,"excerpt":"Terms of Use GENERALThese Terms of Use govern your access to and use of the COUNTRY HIGH Dance Academy website and its content. By using this website, you agree to these terms.USE OF THE WEBSITEThe content provided on this website is intended for informational and educational purposes. You may access\u2026","rel":"","context":"Similar post","block_context":{"text":"Similar post","link":""},"img":{"alt_text":"","src":"","width":0,"height":0},"classes":[]},{"id":1601,"url":"https:\/\/countryhigh-academy.com\/en\/coming-next-old\/","url_meta":{"origin":1617,"position":1},"title":"zzz_Coming Next","author":"countryhigh","date":"February 25, 2026","format":false,"excerpt":"The next ChapterA new home for dancers.Yes \u2013 this is only the beginning. What you are seeing now is just a small preview of our content: a taste of the material we are creating with dedication and care for our beloved line dance community. Behind the scenes, however, we are\u2026","rel":"","context":"Similar post","block_context":{"text":"Similar post","link":""},"img":{"alt_text":"","src":"https:\/\/i0.wp.com\/countryhigh-academy.com\/wp-content\/uploads\/2026\/03\/Catalan.png?resize=350%2C200&ssl=1","width":350,"height":200,"srcset":"https:\/\/i0.wp.com\/countryhigh-academy.com\/wp-content\/uploads\/2026\/03\/Catalan.png?resize=350%2C200&ssl=1 1x, https:\/\/i0.wp.com\/countryhigh-academy.com\/wp-content\/uploads\/2026\/03\/Catalan.png?resize=525%2C300&ssl=1 1.5x, https:\/\/i0.wp.com\/countryhigh-academy.com\/wp-content\/uploads\/2026\/03\/Catalan.png?resize=700%2C400&ssl=1 2x"},"classes":[]},{"id":1619,"url":"https:\/\/countryhigh-academy.com\/en\/imprint\/","url_meta":{"origin":1617,"position":2},"title":"Imprint","author":"countryhigh","date":"February 25, 2026","format":false,"excerpt":"Imprint COUNTRY HIGHOwner: Kim RyterR\u00fcschigenstrasse 50CH-3713 Reichenbach i.K.eMail: hello@countryhigh-academy.comDISCLAIMERThe content of this website has been created with the greatest possible care. However, no guarantee is given as to the accuracy, completeness, or timeliness of the content. Despite careful review of external links, we accept no liability for the content of\u2026","rel":"","context":"Similar post","block_context":{"text":"Similar post","link":""},"img":{"alt_text":"","src":"","width":0,"height":0},"classes":[]},{"id":3656,"url":"https:\/\/countryhigh-academy.com\/en\/about\/","url_meta":{"origin":1617,"position":3},"title":"About","author":"countryhigh","date":"April 27, 2026","format":false,"excerpt":"Meet the TeamZwei Seelen - eine MissionDie COUNTRY HIGH Dance Academy ist aus einer gemeinsamen Leidenschaft f\u00fcr Line Dance, Musik und Community entstanden. Vor allem basiert sie auf einer gemeinsamen Vision und aus gemeinsamen Werten.JOHNNY und KIM b\u00fcndeln ihre Energie, Kreativit\u00e4t und Erfahrung, um etwas zu bauen, das gr\u00f6sser ist\u2026","rel":"","context":"Similar post","block_context":{"text":"Similar post","link":""},"img":{"alt_text":"","src":"https:\/\/i0.wp.com\/countryhigh-academy.com\/wp-content\/uploads\/2026\/04\/IMG_0482-2-e1777020277166.jpg?resize=350%2C200&ssl=1","width":350,"height":200,"srcset":"https:\/\/i0.wp.com\/countryhigh-academy.com\/wp-content\/uploads\/2026\/04\/IMG_0482-2-e1777020277166.jpg?resize=350%2C200&ssl=1 1x, https:\/\/i0.wp.com\/countryhigh-academy.com\/wp-content\/uploads\/2026\/04\/IMG_0482-2-e1777020277166.jpg?resize=525%2C300&ssl=1 1.5x, https:\/\/i0.wp.com\/countryhigh-academy.com\/wp-content\/uploads\/2026\/04\/IMG_0482-2-e1777020277166.jpg?resize=700%2C400&ssl=1 2x, https:\/\/i0.wp.com\/countryhigh-academy.com\/wp-content\/uploads\/2026\/04\/IMG_0482-2-e1777020277166.jpg?resize=1050%2C600&ssl=1 3x, https:\/\/i0.wp.com\/countryhigh-academy.com\/wp-content\/uploads\/2026\/04\/IMG_0482-2-e1777020277166.jpg?resize=1400%2C800&ssl=1 4x"},"classes":[]},{"id":3631,"url":"https:\/\/countryhigh-academy.com\/en\/","url_meta":{"origin":1617,"position":4},"title":"Home","author":"countryhigh","date":"April 27, 2026","format":false,"excerpt":"Die COUNTRY HIGH Dance Academy bietet eine strukturierte Online-Lernplattform f\u00fcr Line Dance mit klarem Fokus auf Technik und progressiven Lernpfaden. Mitglieder profitieren von w\u00f6chentlichen Tanzauswahlen, flexiblen Trainingszeiten und professioneller Anleitung. Die Academy f\u00f6rdert T\u00e4nzer aller Levels in einem famili\u00e4ren Umfeld und erm\u00f6glicht Fortschritte ohne Stress.","rel":"","context":"Similar post","block_context":{"text":"Similar post","link":""},"img":{"alt_text":"","src":"https:\/\/i0.wp.com\/countryhigh-academy.com\/wp-content\/uploads\/2026\/04\/Logo_2000x2000-1.png?fit=1000%2C1000&ssl=1&resize=350%2C200","width":350,"height":200,"srcset":"https:\/\/i0.wp.com\/countryhigh-academy.com\/wp-content\/uploads\/2026\/04\/Logo_2000x2000-1.png?fit=1000%2C1000&ssl=1&resize=350%2C200 1x, https:\/\/i0.wp.com\/countryhigh-academy.com\/wp-content\/uploads\/2026\/04\/Logo_2000x2000-1.png?fit=1000%2C1000&ssl=1&resize=525%2C300 1.5x, https:\/\/i0.wp.com\/countryhigh-academy.com\/wp-content\/uploads\/2026\/04\/Logo_2000x2000-1.png?fit=1000%2C1000&ssl=1&resize=700%2C400 2x"},"classes":[]},{"id":3659,"url":"https:\/\/countryhigh-academy.com\/en\/the-brand\/","url_meta":{"origin":1617,"position":5},"title":"COUNTRY HIGH","author":"countryhigh","date":"April 27, 2026","format":false,"excerpt":"COUNTRY HIGH the brand behind Die Dance Academy ist ein Teil von COUNTRY HIGH. Auf countryhigh.ch findest du unsere Events, unseren Shop und den Vibe, aus dem die Academy entstanden ist. Wenn du nicht nur lernen, sondern auch erleben willst, bist du hier richtig.LEARN ONLINE - DANCE IT LIVE COUNTRY\u2026","rel":"","context":"Similar post","block_context":{"text":"Similar post","link":""},"img":{"alt_text":"","src":"https:\/\/i0.wp.com\/countryhigh-academy.com\/wp-content\/uploads\/2026\/04\/CHDA_Website_Pages_Header_440-x-720-1-1-1024x512.png?resize=350%2C200&ssl=1","width":350,"height":200,"srcset":"https:\/\/i0.wp.com\/countryhigh-academy.com\/wp-content\/uploads\/2026\/04\/CHDA_Website_Pages_Header_440-x-720-1-1-1024x512.png?resize=350%2C200&ssl=1 1x, https:\/\/i0.wp.com\/countryhigh-academy.com\/wp-content\/uploads\/2026\/04\/CHDA_Website_Pages_Header_440-x-720-1-1-1024x512.png?resize=525%2C300&ssl=1 1.5x, https:\/\/i0.wp.com\/countryhigh-academy.com\/wp-content\/uploads\/2026\/04\/CHDA_Website_Pages_Header_440-x-720-1-1-1024x512.png?resize=700%2C400&ssl=1 2x"},"classes":[]}],"_links":{"self":[{"href":"https:\/\/countryhigh-academy.com\/en\/wp-json\/wp\/v2\/pages\/1617","targetHints":{"allow":["GET"]}}],"collection":[{"href":"https:\/\/countryhigh-academy.com\/en\/wp-json\/wp\/v2\/pages"}],"about":[{"href":"https:\/\/countryhigh-academy.com\/en\/wp-json\/wp\/v2\/types\/page"}],"author":[{"embeddable":true,"href":"https:\/\/countryhigh-academy.com\/en\/wp-json\/wp\/v2\/users\/236090381"}],"replies":[{"embeddable":true,"href":"https:\/\/countryhigh-academy.com\/en\/wp-json\/wp\/v2\/comments?post=1617"}],"version-history":[{"count":12,"href":"https:\/\/countryhigh-academy.com\/en\/wp-json\/wp\/v2\/pages\/1617\/revisions"}],"predecessor-version":[{"id":4571,"href":"https:\/\/countryhigh-academy.com\/en\/wp-json\/wp\/v2\/pages\/1617\/revisions\/4571"}],"wp:attachment":[{"href":"https:\/\/countryhigh-academy.com\/en\/wp-json\/wp\/v2\/media?parent=1617"}],"curies":[{"name":"wp","href":"https:\/\/api.w.org\/{rel}","templated":true}]}}